{"id":380,"date":"2020-05-27T13:01:38","date_gmt":"2020-05-27T13:01:38","guid":{"rendered":"http:\/\/hpciproject.wpengine.com\/our-consultants\/"},"modified":"2025-05-28T15:26:37","modified_gmt":"2025-05-28T15:26:37","slug":"nos-consultants","status":"publish","type":"page","link":"https:\/\/hpci.net\/fr\/nos-consultants\/","title":{"rendered":"Les consultants de HPCI"},"content":{"rendered":"<section id=\"hero\">\n\n  <figure class=\"animation\">\n\n    <img decoding=\"async\" src=\"https:\/\/i0.wp.com\/hpci.net\/wp-content\/uploads\/2020\/05\/HPCI_Banner_3.jpg?fit=1920%2C1080&#038;ssl=1\" alt=\"\">\n\n  <\/figure>\n\n  <h1 class=\"entry-title\" itemprop=\"headline\">Les consultants de HPCI<\/h1>\n\n<\/section>\n\n\n\n  <section class=\"team\">\n\n    \n      <div class=\"eachTeamBlock\">\n\n        <div class=\"wrap\">\n\n          <div class=\"teamMembers\">\n\n            <div class=\"eachMember flex\">\n\n              <div class=\"imageMember\">\n\n                <figure class=\"animation\">\n\n                  <img decoding=\"async\" src=\"https:\/\/i0.wp.com\/hpci.net\/wp-content\/uploads\/2023\/07\/Jennifer-Irish.png?fit=363%2C404&#038;ssl=1\" alt=\"Jennifer Irish\">\n\n                <\/figure>\n\n              <\/div>\n\n              <div class=\"contentMember flex\">\n\n                <div class=\"innerContentMemberTop\">\n\n                  <h2>Jennifer Irish<\/h2>\n\n                  <p class=\"position\"><\/p>\n\n                  <p>Mme Irish est membre de l&rsquo;\u00e9quipe et formatrice de Human Potential Consultants inc. (HPCI).  Elle a \u00e9t\u00e9 nomm\u00e9e directrice du Laboratoire d&rsquo;int\u00e9grit\u00e9 de l&rsquo;information de l&rsquo;Universit\u00e9 d&rsquo;Ottawa en septembre 2023. Elle est \u00e9galement associ\u00e9e au Centre Telfer pour le leadership ex\u00e9cutif de l&rsquo;Universit\u00e9 d&rsquo;Ottawa, o\u00f9 elle codirige le certificat de leadership en mati\u00e8re de s\u00e9curit\u00e9 et de renseignement.  Elle apporte \u00e0 ces postes son exp\u00e9rience des affaires \u00e9trang\u00e8res, des questions humanitaires et de la s\u00e9curit\u00e9 nationale et internationale, notamment en mati\u00e8re d&rsquo;analyse des menaces et des tendances mondiales, acquise au cours d&rsquo;une carri\u00e8re de plus de 35 ans au sein du gouvernement du Canada.<br \/>\nMme Irish a travaill\u00e9 \u00e0 trois reprises au Bureau du Conseil priv\u00e9 du Canada, notamment en tant que directrice des op\u00e9rations du Secr\u00e9tariat de l&rsquo;\u00e9valuation internationale, qui fournit des \u00e9valuations strat\u00e9giques du renseignement mondial \u00e0 des clients gouvernementaux de haut niveau, ainsi que des services de coordination et de professionnalisation du renseignement aux analystes du renseignement du Canada.  Cette exp\u00e9rience s&rsquo;ajoute aux trois ann\u00e9es pass\u00e9es en tant que directrice g\u00e9n\u00e9rale du Centre int\u00e9gr\u00e9 d&rsquo;\u00e9valuation du terrorisme, qui \u00e9value les menaces li\u00e9es \u00e0 l&rsquo;extr\u00e9misme violent et au terrorisme qui p\u00e8sent sur le Canada et les int\u00e9r\u00eats canadiens.<br \/>\nAuparavant, elle a pass\u00e9 plus de 20 ans dans le service ext\u00e9rieur du Canada, notamment dans les ambassades et hauts-commissariats du Canada en Isra\u00ebl et \u00e0 Chypre, \u00e0 Cuba, au Mexique et dans les missions permanentes du Canada aupr\u00e8s des Nations unies \u00e0 New York et \u00e0 Gen\u00e8ve.  Au si\u00e8ge, elle a occup\u00e9 des postes de direction au sein des bureaux de la s\u00e9curit\u00e9 internationale et de l&rsquo;environnement international d&rsquo;Affaires mondiales Canada.<br \/>\nBureau de l&rsquo;environnement international d&rsquo;Affaires mondiales Canada.  Elle a \u00e9galement de l&rsquo;exp\u00e9rience dans les relations avec l&rsquo;Asie-Pacifique et dans un large \u00e9ventail d&rsquo;\u00e9quipes de n\u00e9gociation, notamment pour l&rsquo;Accord de libre-\u00e9change nord-am\u00e9ricain.<br \/>\nMme Irish poss\u00e8de \u00e9galement une exp\u00e9rience de cadre sup\u00e9rieur \u00e0 Immigration, R\u00e9fugi\u00e9s et Citoyennet\u00e9 Canada, principalement dans le domaine des r\u00e9fugi\u00e9s et des crises humanitaires, ainsi que dans la coordination et la direction de la politique strat\u00e9gique et de la gouvernance en tant que secr\u00e9taire g\u00e9n\u00e9rale du minist\u00e8re.  <\/p>\n<p>Tout au long de sa carri\u00e8re dans le domaine des affaires \u00e9trang\u00e8res, de la s\u00e9curit\u00e9 nationale et du renseignement, elle a beaucoup travaill\u00e9 avec le monde universitaire et les parties prenantes. Traduit avec www.DeepL.com\/Translator (version gratuite)<\/p>\n\n                <\/div>\n\n                <div class=\"innerContentMemberBottom flex\">\n\n                  \n                    <button class=\"button contactButton\" data-email=\"\">Contact me<\/button>\n\n                  \n                  \n                <\/div>\n\n              <\/div>\n\n            <\/div>\n\n          <\/div>\n\n        <\/div>\n\n      <\/div>\n\n    \n      <div class=\"eachTeamBlock\">\n\n        <div class=\"wrap\">\n\n          <div class=\"teamMembers\">\n\n            <div class=\"eachMember flex\">\n\n              <div class=\"imageMember\">\n\n                <figure class=\"animation\">\n\n                  <img decoding=\"async\" src=\"https:\/\/i0.wp.com\/hpci.net\/wp-content\/uploads\/2023\/07\/DM-WS-Pic.png?fit=363%2C404&#038;ssl=1\" alt=\"Daniel Martimbeault\">\n\n                <\/figure>\n\n              <\/div>\n\n              <div class=\"contentMember flex\">\n\n                <div class=\"innerContentMemberTop\">\n\n                  <h2>Daniel Martimbeault<\/h2>\n\n                  <p class=\"position\"><\/p>\n\n                  <p>Daniel Martimbeault a form\u00e9 des animateurs aux techniques et comp\u00e9tences n\u00e9cessaires pour traiter efficacement avec les employ\u00e9s.<\/p>\n<p>Il a coordonn\u00e9 et anim\u00e9 des cours de formation continue et de d\u00e9veloppement personnel pour les membres du personnel.<\/p>\n<p>Il a cr\u00e9\u00e9 un excellent environnement de travail favorisant un climat d&rsquo;ouverture aux nouvelles id\u00e9es et un talent rare pour toucher un groupe d&rsquo;instructeurs internationaux du monde entier.<\/p>\n<p>Daniel a g\u00e9r\u00e9 250 employ\u00e9s et stagiaires, soutenu 141 unit\u00e9s et 33 000 employ\u00e9s, et dirig\u00e9 le placement logistique d&rsquo;un projet de plus de 75 millions de dollars. Il a g\u00e9r\u00e9 une logistique complexe au niveau ex\u00e9cutif au Canada et \u00e0 l&rsquo;\u00e9tranger.<\/p>\n\n                <\/div>\n\n                <div class=\"innerContentMemberBottom flex\">\n\n                  \n                    <button class=\"button contactButton\" data-email=\"\">Contact me<\/button>\n\n                  \n                  \n                <\/div>\n\n              <\/div>\n\n            <\/div>\n\n          <\/div>\n\n        <\/div>\n\n      <\/div>\n\n    \n      <div class=\"eachTeamBlock\">\n\n        <div class=\"wrap\">\n\n          <div class=\"teamMembers\">\n\n            <div class=\"eachMember flex\">\n\n              <div class=\"imageMember\">\n\n                <figure class=\"animation\">\n\n                  <img decoding=\"async\" src=\"https:\/\/i0.wp.com\/hpci.net\/wp-content\/uploads\/2025\/05\/Christina.webp?fit=1200%2C1200&#038;ssl=1\" alt=\"Christina Bellevue\">\n\n                <\/figure>\n\n              <\/div>\n\n              <div class=\"contentMember flex\">\n\n                <div class=\"innerContentMemberTop\">\n\n                  <h2>Christina Bellevue<\/h2>\n\n                  <p class=\"position\"><\/p>\n\n                  <p>Christina Bellevue est une leader d\u2019affaires chevronn\u00e9e, coach de carri\u00e8re, facilitatrice et conf\u00e9renci\u00e8re avec 20 ans d\u2019exp\u00e9rience dans les secteurs priv\u00e9 et public, au Canada et \u00e0 l\u2019international. Elle est actuellement gestionnaire principale du marketing au Centre national des Arts, apr\u00e8s avoir dirig\u00e9 des campagnes majeures chez Procter &#038; Gamble, L\u2019Or\u00e9al et l\u2019agence Ethnicity Matters.<\/p>\n<p>Experte en marketing multiculturel, d\u00e9veloppement professionnel, communication strat\u00e9gique et leadership, elle a anim\u00e9 des formations et conf\u00e9rences pour des organisations telles que l\u2019ONU, Stanford, CBC\/Radio-Canada et l\u2019Universit\u00e9 d\u2019Ottawa. Bilingue et passionn\u00e9e par l\u2019innovation, Christina explore aujourd\u2019hui le potentiel de l\u2019intelligence artificielle pour transformer les \u00e9quipes et optimiser la performance organisationnelle.<\/p>\n\n                <\/div>\n\n                <div class=\"innerContentMemberBottom flex\">\n\n                  \n                  \n                <\/div>\n\n              <\/div>\n\n            <\/div>\n\n          <\/div>\n\n        <\/div>\n\n      <\/div>\n\n    \n      <div class=\"eachTeamBlock\">\n\n        <div class=\"wrap\">\n\n          <div class=\"teamMembers\">\n\n            <div class=\"eachMember flex\">\n\n              <div class=\"imageMember\">\n\n                <figure class=\"animation\">\n\n                  <img decoding=\"async\" src=\"https:\/\/i0.wp.com\/hpci.net\/wp-content\/uploads\/2023\/07\/Julie-Byrnes-Picture.png?fit=363%2C404&#038;ssl=1\" alt=\"Julie Byrnes\">\n\n                <\/figure>\n\n              <\/div>\n\n              <div class=\"contentMember flex\">\n\n                <div class=\"innerContentMemberTop\">\n\n                  <h2>Julie Amira Byrnes<\/h2>\n\n                  <p class=\"position\"><\/p>\n\n                  <p>Julie Byrnes est une formatrice et animatrice dynamique de HPCI qui poss\u00e8de plus de 10 ans d\u2019exp\u00e9rience dans la gestion de projets et d\u2019\u00e9quipes. Elle a anim\u00e9 des s\u00e9ances sur la mission\/vision, l\u2019\u00e9volution des cultures organisationnelles, les partenariats, la consolidation d\u2019\u00e9quipes, les strat\u00e9gies de d\u00e9fense des int\u00e9r\u00eats \u00e0 l\u2019\u00e9chelle nationale et internationale, les communications strat\u00e9giques internes et externes, etc. Elle a travaill\u00e9 avec des cadres, du personnel administratif\/technique et op\u00e9rationnel, des \u00e9quipes naturelles et des \u00e9quipes de projet \u00ab ad hoc \u00bb, des citoyens, des m\u00e9dias, des membres du parlement et des politiciens. <\/p>\n<p>Julie est trilingue (fran\u00e7ais, anglais et espagnol). Elle a v\u00e9cu et travaill\u00e9 \u00e0 l\u2019\u00e9tranger et a donn\u00e9 des formations au Mexique, en Bolivie, au P\u00e9rou, en Espagne et dans tout le Canada.<\/p>\n\n                <\/div>\n\n                <div class=\"innerContentMemberBottom flex\">\n\n                  \n                  \n                <\/div>\n\n              <\/div>\n\n            <\/div>\n\n          <\/div>\n\n        <\/div>\n\n      <\/div>\n\n    \n      <div class=\"eachTeamBlock\">\n\n        <div class=\"wrap\">\n\n          <div class=\"teamMembers\">\n\n            <div class=\"eachMember flex\">\n\n              <div class=\"imageMember\">\n\n                <figure class=\"animation\">\n\n                  <img decoding=\"async\" src=\"https:\/\/i0.wp.com\/hpci.net\/wp-content\/uploads\/2023\/07\/Tony-White.png?fit=363%2C404&#038;ssl=1\" alt=\"Tony White\">\n\n                <\/figure>\n\n              <\/div>\n\n              <div class=\"contentMember flex\">\n\n                <div class=\"innerContentMemberTop\">\n\n                  <h2>Tony White<\/h2>\n\n                  <p class=\"position\"><\/p>\n\n                  <p>Tony White est un formateur certifi\u00e9 en vente et dans les styles de personnalit\u00e9s Dimensions\u2122. Il est aussi un animateur de HPCI et form\u00e9 par Adler (ATC) et praticien de formation certifi\u00e9 (CTP). Il a donn\u00e9 des formations \u00e0 plus de 10 000 personnes (des secteurs public et priv\u00e9) dans les domaines tels que la direction d\u2019\u00e9quipes, les pr\u00e9sentations, le service \u00e0 la client\u00e8le, la n\u00e9gociation et la gestion du changement. \u00ab \u00c9nergisant, engageant et pratique \u00bb sont les mots utilis\u00e9s pour d\u00e9crire ses s\u00e9ances de formation. M. White est \u00e9galement l\u2019auteur de Make it Happen \u2013 A Practical Handbook for Team Leaders, Project Managers and Facilitators to Build, Facilitate and Repair High-Performance Teams, un guide pratique \u00e0 l\u2019intention des chefs d\u2019\u00e9quipe, gestionnaires de projets et consultants pour les aider \u00e0 cr\u00e9er et solidifier des \u00e9quipes \u00e0 haut rendement. Son livre s\u2019est vendu \u00e0 des milliers d\u2019exemplaires. <\/p>\n<p>M. White a aid\u00e9 des organisations au Canada, aux \u00c9tats-Unis, en Europe, en Russie, en Extr\u00eame-Orient et au Moyen-Orient, afin qu\u2019elles puissent consolider les comp\u00e9tences de leurs dirigeants, de leurs \u00e9quipes et de leurs employ\u00e9s pour ainsi devenir plus productives.<\/p>\n\n                <\/div>\n\n                <div class=\"innerContentMemberBottom flex\">\n\n                  \n                  \n                <\/div>\n\n              <\/div>\n\n            <\/div>\n\n          <\/div>\n\n        <\/div>\n\n      <\/div>\n\n    \n      <div class=\"eachTeamBlock\">\n\n        <div class=\"wrap\">\n\n          <div class=\"teamMembers\">\n\n            <div class=\"eachMember flex\">\n\n              <div class=\"imageMember\">\n\n                <figure class=\"animation\">\n\n                  <img decoding=\"async\" src=\"https:\/\/i0.wp.com\/hpci.net\/wp-content\/uploads\/2023\/07\/Daniel-Laurence.png?fit=363%2C404&#038;ssl=1\" alt=\"Daniel Laurence\">\n\n                <\/figure>\n\n              <\/div>\n\n              <div class=\"contentMember flex\">\n\n                <div class=\"innerContentMemberTop\">\n\n                  <h2>Daniel Laurence<\/h2>\n\n                  <p class=\"position\"><\/p>\n\n                  <p>Daniel Laurence est un formateur et animateur bilingue et travaille au sein de HPCI depuis 2007. Il a donn\u00e9 de nombreuses s\u00e9ances de formation \u00e0 une vari\u00e9t\u00e9 de participants, de gestionnaires, d\u2019enqu\u00eateurs et de v\u00e9rificateurs sur des sujets tels que les techniques d\u2019entrevue, les breffages verbaux, la sch\u00e9matisation des id\u00e9es (mind mapping), la d\u00e9tection de la d\u00e9ception et les entrevues cognitives. Il sait s\u2019adapter aux besoins de nos clients.<\/p>\n<p>Il a r\u00e9cemment pris sa retraite apr\u00e8s une carri\u00e8re d\u2019agent de police au sein de la Gendarmerie royale du Canada (GRC), o\u00f9 il a servi dans diff\u00e9rents d\u00e9tachements au Canada et dans l\u2019Arctique. Il a repr\u00e9sent\u00e9 le Canada en tant que membre du c\u00e9l\u00e8bre Carrousel de la GRC, voyageant aux \u00c9tats-Unis et en Europe. Il est \u00e9galement titulaire d\u2019une licence de pilote priv\u00e9 depuis 1999.<\/p>\n\n                <\/div>\n\n                <div class=\"innerContentMemberBottom flex\">\n\n                  \n                  \n                <\/div>\n\n              <\/div>\n\n            <\/div>\n\n          <\/div>\n\n        <\/div>\n\n      <\/div>\n\n    \n      <div class=\"eachTeamBlock\">\n\n        <div class=\"wrap\">\n\n          <div class=\"teamMembers\">\n\n            <div class=\"eachMember flex\">\n\n              <div class=\"imageMember\">\n\n                <figure class=\"animation\">\n\n                  <img decoding=\"async\" src=\"https:\/\/i0.wp.com\/hpci.net\/wp-content\/uploads\/2023\/07\/Kim-Pilkington.png?fit=363%2C404&#038;ssl=1\" alt=\"Kim Pilkington\">\n\n                <\/figure>\n\n              <\/div>\n\n              <div class=\"contentMember flex\">\n\n                <div class=\"innerContentMemberTop\">\n\n                  <h2>Kim Pilkington<\/h2>\n\n                  <p class=\"position\"><\/p>\n\n                  <p>Kim Pilkington est une formatrice et animatrice de HPCI et poss\u00e8de plus de 20 ans d\u2019exp\u00e9rience dans le domaine de la gestion et une vaste exp\u00e9rience pratique dans les secteurs public et \u00e0 but non lucratif en tant que consultante, animatrice et formatrice.<\/p>\n<p>Elle a graduellement occup\u00e9 des postes de plus en plus importants au sein d\u2019organisations o\u00f9 elle \u00e9tait responsable des initiatives de gestion du changement. Elle poss\u00e8de \u00e9galement une expertise en mati\u00e8re de planification strat\u00e9gique, de mise en \u0153uvre, de d\u00e9veloppement et de transformation organisationnels, de durabilit\u00e9 sociale des entreprises, de recrutement de cadres, de collecte de fonds et de gestion des relations des parties prenantes.<\/p>\n\n                <\/div>\n\n                <div class=\"innerContentMemberBottom flex\">\n\n                  \n                  \n                <\/div>\n\n              <\/div>\n\n            <\/div>\n\n          <\/div>\n\n        <\/div>\n\n      <\/div>\n\n    \n      <div class=\"eachTeamBlock\">\n\n        <div class=\"wrap\">\n\n          <div class=\"teamMembers\">\n\n            <div class=\"eachMember flex\">\n\n              <div class=\"imageMember\">\n\n                <figure class=\"animation\">\n\n                  <img decoding=\"async\" src=\"https:\/\/i0.wp.com\/hpci.net\/wp-content\/uploads\/2023\/07\/Kevin-Byrnes.png?fit=363%2C404&#038;ssl=1\" alt=\"Kevin Byrnes\">\n\n                <\/figure>\n\n              <\/div>\n\n              <div class=\"contentMember flex\">\n\n                <div class=\"innerContentMemberTop\">\n\n                  <h2>Kevin Byrnes<\/h2>\n\n                  <p class=\"position\"><\/p>\n\n                  <p>Kevin Byrnes est formateur et coach chez HPCI depuis 2003. Il a anim\u00e9 des ateliers pour une grande vari\u00e9t\u00e9 d\u2019organismes d\u2019enqu\u00eate et d\u2019audit sur des sujets tels les techniques d\u2019entrevue, la d\u00e9tection de la d\u00e9ception, la lecture du non verbal, l\u2019\u00e9veil de souvenirs non contamin\u00e9s et l\u2019obtention d\u2019un compte rendu honn\u00eate et complet.<\/p>\n<p>Il est l\u2019auteur du livre intitul\u00e9 \u2018Truth-Focused  Interviewing for Investigators.\u2019 Il a r\u00e9cemment pris sa retraite apr\u00e8s une carri\u00e8re de 35 ans en tant qu\u2019agent de police.<\/p>\n\n                <\/div>\n\n                <div class=\"innerContentMemberBottom flex\">\n\n                  \n                  \n                <\/div>\n\n              <\/div>\n\n            <\/div>\n\n          <\/div>\n\n        <\/div>\n\n      <\/div>\n\n    \n      <div class=\"eachTeamBlock\">\n\n        <div class=\"wrap\">\n\n          <div class=\"teamMembers\">\n\n            <div class=\"eachMember flex\">\n\n              <div class=\"imageMember\">\n\n                <figure class=\"animation\">\n\n                  <img decoding=\"async\" src=\"https:\/\/i0.wp.com\/hpci.net\/wp-content\/uploads\/2023\/07\/Ryan-Thompson.png?fit=363%2C404&#038;ssl=1\" alt=\"Ryan Thompson\">\n\n                <\/figure>\n\n              <\/div>\n\n              <div class=\"contentMember flex\">\n\n                <div class=\"innerContentMemberTop\">\n\n                  <h2>Ryan Thompson<\/h2>\n\n                  <p class=\"position\"><\/p>\n\n                  <p>En tant que formateur, animateur et consultant de HPCI, Ryan Thompson est sp\u00e9cialis\u00e9 dans les th\u00e8mes de la communication, de la n\u00e9gociation ax\u00e9e sur les int\u00e9r\u00eats et des conversations difficiles, dont le projet de n\u00e9gociation de Harvard a \u00e9t\u00e9 le pionnier. M. Thompson a travaill\u00e9 avec des clients des secteurs public et priv\u00e9 en Am\u00e9rique du Nord, en Europe et en Asie. Avant d\u2019entrer dans le domaine de la formation, M. Thompson a agi pendant plusieurs ann\u00e9es \u00e0 titre de consultant en environnement, ce qui lui a permis d\u2019acqu\u00e9rir une exp\u00e9rience pratique de la gestion des conflits, des projets, des risques, de la n\u00e9gociation, de la recherche, de la conception et de la participation des parties prenantes publiques.<\/p>\n\n                <\/div>\n\n                <div class=\"innerContentMemberBottom flex\">\n\n                  \n                  \n                <\/div>\n\n              <\/div>\n\n            <\/div>\n\n          <\/div>\n\n        <\/div>\n\n      <\/div>\n\n    \n      <div class=\"eachTeamBlock\">\n\n        <div class=\"wrap\">\n\n          <div class=\"teamMembers\">\n\n            <div class=\"eachMember flex\">\n\n              <div class=\"imageMember\">\n\n                <figure class=\"animation\">\n\n                  <img decoding=\"async\" src=\"https:\/\/i0.wp.com\/hpci.net\/wp-content\/uploads\/2025\/05\/Copy-of-Untitled-Design-20.webp?fit=1200%2C1200&#038;ssl=1\" alt=\"Lisa Ducharme\">\n\n                <\/figure>\n\n              <\/div>\n\n              <div class=\"contentMember flex\">\n\n                <div class=\"innerContentMemberTop\">\n\n                  <h2>Lisa Ducharme <\/h2>\n\n                  <p class=\"position\"><\/p>\n\n                  <p>Lisa Ducharme est consultante, formatrice et facilitatrice chez Human Potential Consultants Inc. (HPCI), avec plus de 36 ans d\u2019exp\u00e9rience en leadership au sein des Forces arm\u00e9es canadiennes et de la fonction publique. Elle a occup\u00e9 des postes de direction au CST, au MDN, \u00e0 S\u00e9curit\u00e9 publique, \u00e0 la GRC et au Bureau du Conseil priv\u00e9.<\/p>\n<p>Experte en op\u00e9rations de renseignement, gestion de projets TI, politiques, s\u00e9curit\u00e9 de l&rsquo;information et conformit\u00e9, Lisa est reconnue pour sa capacit\u00e9 \u00e0 diriger des transformations, b\u00e2tir des \u00e9quipes performantes et offrir des formations de haut niveau. Elle a re\u00e7u de nombreuses distinctions pour son travail exemplaire et mise sur une approche humaine, \u00e9thique et collaborative.<\/p>\n\n                <\/div>\n\n                <div class=\"innerContentMemberBottom flex\">\n\n                  \n                  \n                <\/div>\n\n              <\/div>\n\n            <\/div>\n\n          <\/div>\n\n        <\/div>\n\n      <\/div>\n\n    \n  <\/section>\n\n","protected":false},"excerpt":{"rendered":"","protected":false},"author":3,"featured_media":0,"parent":0,"menu_order":0,"comment_status":"closed","ping_status":"closed","template":"","meta":{"_acf_changed":false,"_monsterinsights_skip_tracking":false,"_monsterinsights_sitenote_active":false,"_monsterinsights_sitenote_note":"","_monsterinsights_sitenote_category":0,"_genesis_hide_title":false,"_genesis_hide_breadcrumbs":false,"_genesis_hide_singular_image":false,"_genesis_hide_footer_widgets":false,"_genesis_custom_body_class":"","_genesis_custom_post_class":"","_genesis_layout":"","footnotes":""},"class_list":{"0":"post-380","1":"page","2":"type-page","3":"status-publish","5":"entry"},"acf":[],"aioseo_notices":[],"jetpack_sharing_enabled":true,"_links":{"self":[{"href":"https:\/\/hpci.net\/fr\/wp-json\/wp\/v2\/pages\/380","targetHints":{"allow":["GET"]}}],"collection":[{"href":"https:\/\/hpci.net\/fr\/wp-json\/wp\/v2\/pages"}],"about":[{"href":"https:\/\/hpci.net\/fr\/wp-json\/wp\/v2\/types\/page"}],"author":[{"embeddable":true,"href":"https:\/\/hpci.net\/fr\/wp-json\/wp\/v2\/users\/3"}],"replies":[{"embeddable":true,"href":"https:\/\/hpci.net\/fr\/wp-json\/wp\/v2\/comments?post=380"}],"version-history":[{"count":43,"href":"https:\/\/hpci.net\/fr\/wp-json\/wp\/v2\/pages\/380\/revisions"}],"predecessor-version":[{"id":14932,"href":"https:\/\/hpci.net\/fr\/wp-json\/wp\/v2\/pages\/380\/revisions\/14932"}],"wp:attachment":[{"href":"https:\/\/hpci.net\/fr\/wp-json\/wp\/v2\/media?parent=380"}],"curies":[{"name":"wp","href":"https:\/\/api.w.org\/{rel}","templated":true}]}}