{"id":372,"date":"2020-05-27T13:06:51","date_gmt":"2020-05-27T13:06:51","guid":{"rendered":"http:\/\/hpciproject.wpengine.com\/facilitation\/"},"modified":"2020-05-29T11:54:50","modified_gmt":"2020-05-29T11:54:50","slug":"animation","status":"publish","type":"page","link":"https:\/\/hpci.net\/fr\/animation\/","title":{"rendered":"Animation"},"content":{"rendered":"<section id=\"hero\">\n\n  <figure class=\"animation\">\n\n    <img decoding=\"async\" src=\"https:\/\/i0.wp.com\/hpci.net\/wp-content\/uploads\/2020\/05\/HPCI_Photos_1.jpg?fit=1920%2C1080&#038;ssl=1\" alt=\"\">\n\n  <\/figure>\n\n  <h1 class=\"entry-title\" itemprop=\"headline\">Animation<\/h1>\n\n<\/section>\n\n\n\n<div style=\"height:70px\" aria-hidden=\"true\" class=\"wp-block-spacer\"><\/div>\n\n\n<div class=\"wrap\">\n\n  \n    <div class=\"innerWrap\">\n\n  \n\n\n<p>HPCI adapte les conf\u00e9rences, les r\u00e9unions et les ateliers aux besoins de ses clients et participe activement au processus pour engager les participants dans une r\u00e9flexion, une exploration, une cr\u00e9ation et un engagement authentiques.<\/p>\n\n\n\n  <\/div>\n\n\n<\/div>\n\n\n\n<div style=\"height:70px\" aria-hidden=\"true\" class=\"wp-block-spacer\"><\/div>\n\n\n\n<hr class=\"wp-block-separator has-text-color has-background is-style-wide\" style=\"background-color:#dfe1df;color:#dfe1df\"\/>\n\n\n\n<div style=\"height:70px\" aria-hidden=\"true\" class=\"wp-block-spacer\"><\/div>\n\n\n<div class=\"wrap\">\n\n  \n    <div class=\"innerWrap\">\n\n  \n\n\n<h2 class=\"wp-block-heading\">HPCI se concentre sur la r\u00e9alisation des objectifs de nos clients afin de\u00a0:<\/h2>\n\n\n\n<ul class=\"wp-block-list\"><li>pr\u00e9ciser leur raison d\u2019\u00eatre;<\/li><li>concevoir un proc\u00e9d\u00e9 pour atteindre leurs r\u00e9sultats;<\/li><li>lier les r\u00e9sultats \u00e0 un processus continu pour garantir des r\u00e9sultats durables;<\/li><li>faciliter l\u2019accord et l\u2019engagement du groupe envers les r\u00e9sultats;<\/li><li>encadrer les dirigeants avant et apr\u00e8s la s\u00e9ance.<\/li><\/ul>\n\n\n\n  <\/div>\n\n\n<\/div>\n\n\n\n<div style=\"height:50px\" aria-hidden=\"true\" class=\"wp-block-spacer\"><\/div>\n","protected":false},"excerpt":{"rendered":"<p>HPCI adapte les conf\u00e9rences, les r\u00e9unions et les ateliers aux besoins de ses clients et participe activement au processus pour engager les participants dans une r\u00e9flexion, une exploration, une cr\u00e9ation et un engagement authentiques. HPCI se concentre sur la r\u00e9alisation des objectifs de nos clients afin de\u00a0: pr\u00e9ciser leur raison d\u2019\u00eatre; concevoir un proc\u00e9d\u00e9 pour [&hellip;]<\/p>\n","protected":false},"author":3,"featured_media":0,"parent":0,"menu_order":0,"comment_status":"closed","ping_status":"closed","template":"","meta":{"_acf_changed":false,"_monsterinsights_skip_tracking":false,"_monsterinsights_sitenote_active":false,"_monsterinsights_sitenote_note":"","_monsterinsights_sitenote_category":0,"_genesis_hide_title":false,"_genesis_hide_breadcrumbs":false,"_genesis_hide_singular_image":false,"_genesis_hide_footer_widgets":false,"_genesis_custom_body_class":"","_genesis_custom_post_class":"","_genesis_layout":"","footnotes":""},"class_list":{"0":"post-372","1":"page","2":"type-page","3":"status-publish","5":"entry"},"acf":[],"aioseo_notices":[],"jetpack_sharing_enabled":true,"_links":{"self":[{"href":"https:\/\/hpci.net\/fr\/wp-json\/wp\/v2\/pages\/372","targetHints":{"allow":["GET"]}}],"collection":[{"href":"https:\/\/hpci.net\/fr\/wp-json\/wp\/v2\/pages"}],"about":[{"href":"https:\/\/hpci.net\/fr\/wp-json\/wp\/v2\/types\/page"}],"author":[{"embeddable":true,"href":"https:\/\/hpci.net\/fr\/wp-json\/wp\/v2\/users\/3"}],"replies":[{"embeddable":true,"href":"https:\/\/hpci.net\/fr\/wp-json\/wp\/v2\/comments?post=372"}],"version-history":[{"count":0,"href":"https:\/\/hpci.net\/fr\/wp-json\/wp\/v2\/pages\/372\/revisions"}],"wp:attachment":[{"href":"https:\/\/hpci.net\/fr\/wp-json\/wp\/v2\/media?parent=372"}],"curies":[{"name":"wp","href":"https:\/\/api.w.org\/{rel}","templated":true}]}}