{"id":371,"date":"2020-05-10T11:23:22","date_gmt":"2020-05-10T11:23:22","guid":{"rendered":"http:\/\/hpciproject.wpengine.com\/our-team\/"},"modified":"2025-08-05T14:31:46","modified_gmt":"2025-08-05T14:31:46","slug":"equipe-de-direction","status":"publish","type":"page","link":"https:\/\/hpci.net\/fr\/equipe-de-direction\/","title":{"rendered":"\u00c9quipe de direction"},"content":{"rendered":"<section id=\"hero\">\n\n  <figure class=\"animation\">\n\n    <img decoding=\"async\" src=\"https:\/\/i0.wp.com\/hpci.net\/wp-content\/uploads\/2020\/05\/HPCI_Photos_1.jpg?fit=1920%2C1080&#038;ssl=1\" alt=\"\">\n\n  <\/figure>\n\n  <h1 class=\"entry-title\" itemprop=\"headline\">\u00c9quipe de direction<\/h1>\n\n<\/section>\n\n\n\n  <section class=\"team\">\n\n    \n      <div class=\"eachTeamBlock\">\n\n        <div class=\"wrap\">\n\n          <div class=\"teamMembers\">\n\n            <div class=\"eachMember flex\">\n\n              <div class=\"imageMember\">\n\n                <figure class=\"animation\">\n\n                  <img decoding=\"async\" src=\"https:\/\/i0.wp.com\/hpci.net\/wp-content\/uploads\/2020\/12\/Frank-scaled.jpg?fit=2038%2C2560&#038;ssl=1\" alt=\"\">\n\n                <\/figure>\n\n              <\/div>\n\n              <div class=\"contentMember flex\">\n\n                <div class=\"innerContentMemberTop\">\n\n                  <h2>Frank Byrnes<\/h2>\n\n                  <p class=\"position\">Pr\u00e9sident<\/p>\n\n                  <p>Frank Byrnes est le pr\u00e9sident, copropri\u00e9taire de HPCI et chef d\u2019une \u00e9quipe de consultants partageant des comp\u00e9tences, des strat\u00e9gies et des techniques qui permettent aux particuliers, aux gestionnaires, aux \u00e9quipes et aux organisations d\u2019exceller en p\u00e9riode de changement. Depuis plus de 30 ans, il a collabor\u00e9 avec un grand nombre d\u2019organisations priv\u00e9es et publiques dans le monde entier en tant que formateur, animateur et consultant, afin de les aider \u00e0 consolider leur d\u00e9termination \u00e0 atteindre leurs r\u00e9sultats. M. Byrnes donne des ateliers en anglais et en fran\u00e7ais et il a une connaissance pratique de l\u2019espagnol, de l\u2019italien et du mandarin.<\/p>\n\n                <\/div>\n\n                <div class=\"innerContentMemberBottom flex\">\n\n                  \n                    <button class=\"button contactButton\" data-email=\"frankbyrnes@hpci.net\">Contactez-moi<\/button>\n\n                  \n                  \n                    <div class=\"socialButtons\">\n\n                      \n                        <a target=\"_blank\" href=\"https:\/\/www.linkedin.com\/company\/human-potential-consultants-inc-\/\"><i class=\"fab fa-linkedin-in\"><\/i><\/a>\n\n                      \n                    <\/div>\n\n                  \n                <\/div>\n\n              <\/div>\n\n            <\/div>\n\n          <\/div>\n\n        <\/div>\n\n      <\/div>\n\n    \n      <div class=\"eachTeamBlock\">\n\n        <div class=\"wrap\">\n\n          <div class=\"teamMembers\">\n\n            <div class=\"eachMember flex\">\n\n              <div class=\"imageMember\">\n\n                <figure class=\"animation\">\n\n                  <img decoding=\"async\" src=\"https:\/\/i0.wp.com\/hpci.net\/wp-content\/uploads\/2020\/12\/Carol-Laurence-scaled.jpg?fit=2405%2C2560&#038;ssl=1\" alt=\"\">\n\n                <\/figure>\n\n              <\/div>\n\n              <div class=\"contentMember flex\">\n\n                <div class=\"innerContentMemberTop\">\n\n                  <h2>Carol Laurence<\/h2>\n\n                  <p class=\"position\">Vice-pr\u00e9sidente<\/p>\n\n                  <p>Carol Laurence est la vice-pr\u00e9sidente et copropri\u00e9taire de HPCI. Elle a plus de 30 ans d\u2019exp\u00e9rience dans les domaines de la gestion de projets, de la gestion des ressources humaines, de l\u2019administration, de l\u2019animation, de l\u2019encadrement et de la formation. Mme Laurence poss\u00e8de une vaste exp\u00e9rience pratique dans les secteurs priv\u00e9 et public en tant que cadre sup\u00e9rieur, ce qui lui permet d\u2019avoir une vision claire des d\u00e9fis r\u00e9els auxquels sont confront\u00e9s nos clients.<\/p>\n<p>Elle fournit des services personnalis\u00e9s afin d\u2019am\u00e9liorer le rendement, de soutenir les changements organisationnels, de mobiliser les employ\u00e9s et d\u2019obtenir des r\u00e9sultats. Elle travaille en partenariat avec les clients et les parties prenantes (organisateurs, d\u00e9cideurs, \u00e9quipes).<\/p>\n<p>Elle cr\u00e9e un environnement participatif afin d\u2019instaurer la confiance, l\u2019absence de pr\u00e9jug\u00e9s, l\u2019honn\u00eatet\u00e9, le plaisir et le travail d\u2019\u00e9quipe. Elle vulgarise les contenus et les situations complexes et les rend utiles et pertinents.<\/p>\n\n                <\/div>\n\n                <div class=\"innerContentMemberBottom flex\">\n\n                  \n                    <button class=\"button contactButton\" data-email=\"carollaurence@hpci.net\">Contactez-moi<\/button>\n\n                  \n                  \n                    <div class=\"socialButtons\">\n\n                      \n                        <a target=\"_blank\" href=\"https:\/\/www.linkedin.com\/company\/human-potential-consultants-inc-\/\"><i class=\"fab fa-linkedin-in\"><\/i><\/a>\n\n                      \n                    <\/div>\n\n                  \n                <\/div>\n\n              <\/div>\n\n            <\/div>\n\n          <\/div>\n\n        <\/div>\n\n      <\/div>\n\n    \n      <div class=\"eachTeamBlock\">\n\n        <div class=\"wrap\">\n\n          <div class=\"teamMembers\">\n\n            <div class=\"eachMember flex\">\n\n              <div class=\"imageMember\">\n\n                <figure class=\"animation\">\n\n                  <img decoding=\"async\" src=\"https:\/\/i0.wp.com\/hpci.net\/wp-content\/uploads\/2020\/12\/Benjamin-Bras-scaled.jpg?fit=2225%2C2560&#038;ssl=1\" alt=\"\">\n\n                <\/figure>\n\n              <\/div>\n\n              <div class=\"contentMember flex\">\n\n                <div class=\"innerContentMemberTop\">\n\n                  <h2>Benjamin Lacaille<\/h2>\n\n                  <p class=\"position\">Directeur de compte<\/p>\n\n                  <p>Professionnel dynamique et ax\u00e9 sur les r\u00e9sultats, il a fait ses preuves en mati\u00e8re de leadership, de gestion, de vente et de marketing. Dot\u00e9 d&rsquo;une capacit\u00e9 naturelle \u00e0 motiver et \u00e0 inspirer les \u00e9quipes, il excelle \u00e0 stimuler la croissance de l&rsquo;entreprise, \u00e0 \u00e9tablir de solides relations avec les clients et \u00e0 mettre en \u0153uvre des strat\u00e9gies efficaces pour atteindre les objectifs de l&rsquo;organisation. Dot\u00e9 d&rsquo;un sens aigu des affaires et d&rsquo;une compr\u00e9hension approfondie de la dynamique du march\u00e9, Benjamin fournit constamment des r\u00e9sultats exceptionnels et d\u00e9passe les attentes.<\/p>\n\n                <\/div>\n\n                <div class=\"innerContentMemberBottom flex\">\n\n                  \n                    <button class=\"button contactButton\" data-email=\"benjaminlacaille@hpci.net\">Contactez-moi<\/button>\n\n                  \n                  \n                    <div class=\"socialButtons\">\n\n                      \n                        <a target=\"_blank\" href=\"https:\/\/www.linkedin.com\/company\/human-potential-consultants-inc-\/\"><i class=\"fab fa-linkedin-in\"><\/i><\/a>\n\n                      \n                    <\/div>\n\n                  \n                <\/div>\n\n              <\/div>\n\n            <\/div>\n\n          <\/div>\n\n        <\/div>\n\n      <\/div>\n\n    \n  <\/section>\n\n","protected":false},"excerpt":{"rendered":"","protected":false},"author":2,"featured_media":0,"parent":0,"menu_order":0,"comment_status":"closed","ping_status":"closed","template":"","meta":{"_acf_changed":false,"_monsterinsights_skip_tracking":false,"_monsterinsights_sitenote_active":false,"_monsterinsights_sitenote_note":"","_monsterinsights_sitenote_category":0,"_genesis_hide_title":false,"_genesis_hide_breadcrumbs":false,"_genesis_hide_singular_image":false,"_genesis_hide_footer_widgets":false,"_genesis_custom_body_class":"","_genesis_custom_post_class":"","_genesis_layout":"","footnotes":""},"class_list":{"0":"post-371","1":"page","2":"type-page","3":"status-publish","5":"entry"},"acf":[],"aioseo_notices":[],"jetpack_sharing_enabled":true,"_links":{"self":[{"href":"https:\/\/hpci.net\/fr\/wp-json\/wp\/v2\/pages\/371","targetHints":{"allow":["GET"]}}],"collection":[{"href":"https:\/\/hpci.net\/fr\/wp-json\/wp\/v2\/pages"}],"about":[{"href":"https:\/\/hpci.net\/fr\/wp-json\/wp\/v2\/types\/page"}],"author":[{"embeddable":true,"href":"https:\/\/hpci.net\/fr\/wp-json\/wp\/v2\/users\/2"}],"replies":[{"embeddable":true,"href":"https:\/\/hpci.net\/fr\/wp-json\/wp\/v2\/comments?post=371"}],"version-history":[{"count":15,"href":"https:\/\/hpci.net\/fr\/wp-json\/wp\/v2\/pages\/371\/revisions"}],"predecessor-version":[{"id":15757,"href":"https:\/\/hpci.net\/fr\/wp-json\/wp\/v2\/pages\/371\/revisions\/15757"}],"wp:attachment":[{"href":"https:\/\/hpci.net\/fr\/wp-json\/wp\/v2\/media?parent=371"}],"curies":[{"name":"wp","href":"https:\/\/api.w.org\/{rel}","templated":true}]}}