{"id":370,"date":"2020-05-27T13:07:27","date_gmt":"2020-05-27T13:07:27","guid":{"rendered":"http:\/\/hpciproject.wpengine.com\/organizational-development\/"},"modified":"2020-05-29T11:45:49","modified_gmt":"2020-05-29T11:45:49","slug":"developpement-organisationnel","status":"publish","type":"page","link":"https:\/\/hpci.net\/fr\/developpement-organisationnel\/","title":{"rendered":"D\u00e9veloppement organisationnel"},"content":{"rendered":"<section id=\"hero\">\n\n  <figure class=\"animation\">\n\n    <img decoding=\"async\" src=\"https:\/\/i0.wp.com\/hpci.net\/wp-content\/uploads\/2020\/05\/HPCI_Photos_2.jpg?fit=1920%2C1080&#038;ssl=1\" alt=\"\">\n\n  <\/figure>\n\n  <h1 class=\"entry-title\" itemprop=\"headline\">D\u00e9veloppement organisationnel<\/h1>\n\n<\/section>\n\n\n\n<div style=\"height:70px\" aria-hidden=\"true\" class=\"wp-block-spacer\"><\/div>\n\n\n<div class=\"wrap\">\n\n  \n    <div class=\"innerWrap\">\n\n  \n\n\n<p>Bien que nous utilisions des mod\u00e8les, des m\u00e9thodologies, des processus et des outils familiers aux praticiens excellant dans le d\u00e9veloppement organisationnel, notre approche sp\u00e9cialis\u00e9e donne des r\u00e9sultats sup\u00e9rieurs.<\/p>\n\n\n\n  <\/div>\n\n\n<\/div>\n\n\n\n<div style=\"height:40px\" aria-hidden=\"true\" class=\"wp-block-spacer\"><\/div>\n\n\n\n<hr class=\"wp-block-separator has-text-color has-background is-style-wide\" style=\"background-color:#dfe1df;color:#dfe1df\"\/>\n\n\n\n<div style=\"height:80px\" aria-hidden=\"true\" class=\"wp-block-spacer\"><\/div>\n\n\n<div class=\"wrap\">\n\n  \n    <div class=\"innerWrap\">\n\n  \n\n\n<h2 class=\"wp-block-heading\">Nous travaillons avec les dirigeants de l\u2019organisation pour :<\/h2>\n\n\n\n<ul class=\"wp-block-list\"><li>bien planifier les interventions;<\/li><li>pr\u00e9parer le terrain;<\/li><li>assurer une mise en \u0153uvre efficace;<\/li><li>maintenir l\u2019\u00e9lan;<\/li><li>assurer l\u2019engagement au sein de toute l\u2019organisation.<\/li><\/ul>\n\n\n\n  <\/div>\n\n\n<\/div>\n\n\n\n<div style=\"height:50px\" aria-hidden=\"true\" class=\"wp-block-spacer\"><\/div>\n\n\n\n<hr class=\"wp-block-separator has-text-color has-background is-style-wide\" style=\"background-color:#dfe1df;color:#dfe1df\"\/>\n\n\n\n<div style=\"height:80px\" aria-hidden=\"true\" class=\"wp-block-spacer\"><\/div>\n\n\n<div class=\"wrap\">\n\n  \n    <div class=\"innerWrap\">\n\n  \n\n\n<h2 class=\"wp-block-heading\">Nous incitons<\/h2>\n\n\n\n<ul class=\"wp-block-list\"><li>les employ\u00e9s \u00e0 tous les niveaux \u00e0 prendre \u00e0 charge leur travail;<\/li><li>les cadres sup\u00e9rieurs \u00e0 concentrer leur \u00e9nergie, \u00e0 mobiliser leur passion et \u00e0 harmoniser les comportements et les syst\u00e8mes;<\/li><li>les cadres interm\u00e9diaires \u00e0 int\u00e9grer les nouvelles fa\u00e7ons de faire des affaires dans la pratique quotidienne.<\/li><\/ul>\n\n\n\n<p>Nous n\u2019imposons pas de mod\u00e8les et de m\u00e9thodologies\u2009; nous b\u00e2tissons sur les forces et la r\u00e9alit\u00e9 de l\u2019organisation.<\/p>\n\n\n\n  <\/div>\n\n\n<\/div>\n\n\n\n<div style=\"height:50px\" aria-hidden=\"true\" class=\"wp-block-spacer\"><\/div>\n\n\n\n<hr class=\"wp-block-separator has-text-color has-background is-style-wide\" style=\"background-color:#dfe1df;color:#dfe1df\"\/>\n\n\n\n<div style=\"height:80px\" aria-hidden=\"true\" class=\"wp-block-spacer\"><\/div>\n\n\n<div class=\"wrap\">\n\n  \n    <div class=\"innerWrap\">\n\n  \n\n\n<h2 class=\"wp-block-heading\">HPCI a d\u00e9velopp\u00e9 un mod\u00e8le de changement pour servir\u00a0:<\/h2>\n\n\n\n<ul class=\"wp-block-list\"><li>de guide pour la planification, la mise en \u0153uvre et l\u2019int\u00e9gration du changement;<\/li><li>d\u2019outil pour amorcer et stimuler le changement;<\/li><li>de \u00ab&nbsp;tableau de bord&nbsp;\u00bb pour maintenir l\u2019engagement et la dynamique de la transition.<\/li><\/ul>\n\n\n\n  <\/div>\n\n\n<\/div>\n\n\n\n<div style=\"height:50px\" aria-hidden=\"true\" class=\"wp-block-spacer\"><\/div>\n","protected":false},"excerpt":{"rendered":"<p>Bien que nous utilisions des mod\u00e8les, des m\u00e9thodologies, des processus et des outils familiers aux praticiens excellant dans le d\u00e9veloppement organisationnel, notre approche sp\u00e9cialis\u00e9e donne des r\u00e9sultats sup\u00e9rieurs. Nous travaillons avec les dirigeants de l\u2019organisation pour : bien planifier les interventions; pr\u00e9parer le terrain; assurer une mise en \u0153uvre efficace; maintenir l\u2019\u00e9lan; assurer l\u2019engagement au [&hellip;]<\/p>\n","protected":false},"author":3,"featured_media":0,"parent":0,"menu_order":0,"comment_status":"closed","ping_status":"closed","template":"","meta":{"_acf_changed":false,"_monsterinsights_skip_tracking":false,"_monsterinsights_sitenote_active":false,"_monsterinsights_sitenote_note":"","_monsterinsights_sitenote_category":0,"_genesis_hide_title":false,"_genesis_hide_breadcrumbs":false,"_genesis_hide_singular_image":false,"_genesis_hide_footer_widgets":false,"_genesis_custom_body_class":"","_genesis_custom_post_class":"","_genesis_layout":"","footnotes":""},"class_list":{"0":"post-370","1":"page","2":"type-page","3":"status-publish","5":"entry"},"acf":[],"aioseo_notices":[],"jetpack_sharing_enabled":true,"_links":{"self":[{"href":"https:\/\/hpci.net\/fr\/wp-json\/wp\/v2\/pages\/370","targetHints":{"allow":["GET"]}}],"collection":[{"href":"https:\/\/hpci.net\/fr\/wp-json\/wp\/v2\/pages"}],"about":[{"href":"https:\/\/hpci.net\/fr\/wp-json\/wp\/v2\/types\/page"}],"author":[{"embeddable":true,"href":"https:\/\/hpci.net\/fr\/wp-json\/wp\/v2\/users\/3"}],"replies":[{"embeddable":true,"href":"https:\/\/hpci.net\/fr\/wp-json\/wp\/v2\/comments?post=370"}],"version-history":[{"count":0,"href":"https:\/\/hpci.net\/fr\/wp-json\/wp\/v2\/pages\/370\/revisions"}],"wp:attachment":[{"href":"https:\/\/hpci.net\/fr\/wp-json\/wp\/v2\/media?parent=370"}],"curies":[{"name":"wp","href":"https:\/\/api.w.org\/{rel}","templated":true}]}}